{"id":20,"date":"2017-01-14T15:32:21","date_gmt":"2017-01-14T15:32:21","guid":{"rendered":"http:\/\/roboter-und-rechnertechnik.de\/?page_id=20"},"modified":"2022-10-01T18:47:09","modified_gmt":"2022-10-01T18:47:09","slug":"contact","status":"publish","type":"page","link":"https:\/\/roboter-und-rechnertechnik.de\/?page_id=20","title":{"rendered":"Contact"},"content":{"rendered":"<p>Prof. Dr. Marco Schmidt<\/p>\n<div><span style=\"font-size: small;\">Lehrstuhl f\u00fcr Informatik 8<\/span><\/div>\n<div><span style=\"font-size: small;\">Universit\u00e4t W\u00fcrzburg.<\/span><br \/>\n<span style=\"font-size: small;\">Emil-Fischer-Str. 70<br \/>\n97074 W\u00fcrzburg <\/span><\/div>\n<p>E-Mail: marco.schmidt (at) uni-wuerzburg . de<\/p>\n","protected":false},"excerpt":{"rendered":"<p>Prof. Dr. Marco Schmidt Lehrstuhl f\u00fcr Informatik 8 Universit\u00e4t W\u00fcrzburg. Emil-Fischer-Str. 70 97074 W\u00fcrzburg E-Mail: marco.schmidt (at) uni-wuerzburg . de<\/p>\n","protected":false},"author":1,"featured_media":0,"parent":0,"menu_order":0,"comment_status":"closed","ping_status":"closed","template":"","meta":{"footnotes":""},"class_list":["post-20","page","type-page","status-publish","h-entry","hentry","h-as-page"],"_links":{"self":[{"href":"https:\/\/roboter-und-rechnertechnik.de\/index.php?rest_route=\/wp\/v2\/pages\/20","targetHints":{"allow":["GET"]}}],"collection":[{"href":"https:\/\/roboter-und-rechnertechnik.de\/index.php?rest_route=\/wp\/v2\/pages"}],"about":[{"href":"https:\/\/roboter-und-rechnertechnik.de\/index.php?rest_route=\/wp\/v2\/types\/page"}],"author":[{"embeddable":true,"href":"https:\/\/roboter-und-rechnertechnik.de\/index.php?rest_route=\/wp\/v2\/users\/1"}],"replies":[{"embeddable":true,"href":"https:\/\/roboter-und-rechnertechnik.de\/index.php?rest_route=%2Fwp%2Fv2%2Fcomments&post=20"}],"version-history":[{"count":7,"href":"https:\/\/roboter-und-rechnertechnik.de\/index.php?rest_route=\/wp\/v2\/pages\/20\/revisions"}],"predecessor-version":[{"id":255,"href":"https:\/\/roboter-und-rechnertechnik.de\/index.php?rest_route=\/wp\/v2\/pages\/20\/revisions\/255"}],"wp:attachment":[{"href":"https:\/\/roboter-und-rechnertechnik.de\/index.php?rest_route=%2Fwp%2Fv2%2Fmedia&parent=20"}],"curies":[{"name":"wp","href":"https:\/\/api.w.org\/{rel}","templated":true}]}}